{"id":1359,"date":"2025-01-17T15:20:45","date_gmt":"2025-01-17T14:20:45","guid":{"rendered":"https:\/\/www.kerstinscamping.se\/?page_id=1359"},"modified":"2025-01-21T15:53:57","modified_gmt":"2025-01-21T14:53:57","slug":"camping-with-your-dog","status":"publish","type":"page","link":"https:\/\/www.kerstinscamping.se\/en\/camping\/camping-with-your-dog\/","title":{"rendered":"Camping with your dog"},"content":{"rendered":"<div class=\"wpb-content-wrapper\"><p>[vc_section full_width=&#8221;stretch_row&#8221; css=&#8221;.vc_custom_1647869807774{background-color: #e7f1ff !important;}&#8221;][vc_row][vc_column][vc_empty_space height=&#8221;50px&#8221;][vc_column_text css=&#8221;&#8221;]<\/p>\n<h2 style=\"text-align: center\">Camping with your dog<\/h2>\n<p>[\/vc_column_text][\/vc_column][\/vc_row][vc_row][vc_column][vc_empty_space height=&#8221;50px&#8221;][\/vc_column][\/vc_row][\/vc_section][vc_row][vc_column width=&#8221;1\/2&#8243;][vc_empty_space][vc_column_text css=&#8221;&#8221;]<\/p>\n<h3><strong>Welcome!<\/strong><\/h3>\n<p>At Kerstin\u2019s camping you can relax and enjoy the summer together with your four-legged family members right at natures doorstep!\u00a0 Whether you live in a <a href=\"https:\/\/www.kerstinscamping.se\/en\/camping\/\" target=\"_blank\" rel=\"noopener\">motorhome, caravan, tent<\/a> or prefer to stay in <a href=\"https:\/\/www.kerstinscamping.se\/en\/cottages\/\" target=\"_blank\" rel=\"noopener\">a cottage<\/a>, we have room for everyone and dogs are welcome in all cottages, (for an <a href=\"https:\/\/www.kerstinscamping.se\/en\/priser\/\" target=\"_blank\" rel=\"noopener\">additional fee<\/a>).<\/p>\n<p><strong>Activities<\/strong><\/p>\n<p>On the campsite area there is a well-maintained 2 km long jogging trail for excursions and nice forest walks. There are also other fantastic hiking trails to discover in Dalsland. For instance <a href=\"https:\/\/www.westswedentrails.com\/en\/delled\/kroppefjallsleden#googtrans(sv|en)\" target=\"_blank\" rel=\"noopener\">Kroppefj\u00e4llsleden<\/a> that runs through one of West Sweden&#8217;s largest wilderness areas and is only a 40 minutes&#8217; drive from Kerstin&#8217;s campsite.<\/p>\n<p>Keep in mind, that in nature during the period 1\/3 \u2013 20\/8 there is a leash requirement and dogs are not allowed to run loose. This is to protect nesting birds and mammals with young.\u00a0In cases where the hike takes you through nature reserves and pastures, the dog must always be on a leash.<\/p>\n<p id=\"tw-target-text\" class=\"tw-data-text tw-text-large tw-ta\" dir=\"ltr\" data-placeholder=\"\u00d6vers\u00e4ttning\" aria-label=\"\u00d6versatt text: Feel free to ask at the reception for more tips on excursions and other things, or take a look at West Sweden's website:\" data-ved=\"2ahUKEwjTkc6d-IaLAxXDJhAIHU-kKhIQ3ewLegQIDRAU\">Ask at the reception for more tips on excursions, or take a look at West Sweden&#8217;s website:<\/p>\n<p dir=\"ltr\" data-placeholder=\"\u00d6vers\u00e4ttning\" aria-label=\"\u00d6versatt text: Feel free to ask at the reception for more tips on excursions and other things, or take a look at West Sweden's website:\" data-ved=\"2ahUKEwjTkc6d-IaLAxXDJhAIHU-kKhIQ3ewLegQIDRAU\"><a href=\"https:\/\/www.vastsverige.com\/en\/dalsland\/med-hund\/\" target=\"_blank\" rel=\"noopener\">Dog-friendly Dalsland<\/a><\/p>\n<p><strong>Swimming with dogs<\/strong><\/p>\n<p>On hot summer days, you can go for a refreshing swim and cool off in one of Dalsland&#8217;s lovely lakes. For more information about dog-friendly lakes and beaches: <a href=\"https:\/\/www.google.com\/maps\/d\/viewer?mid=1XcWGgbM9Pzyc5gVo8GsM3RldYTaKVG9W&amp;ll=58.687848%2C12.318088699999986&amp;z=9\" target=\"_blank\" rel=\"noopener\">Dog beaches in Dalsland<\/a><\/p>\n<p><strong>Do I need to have my dog on a leash at the campsite?<\/strong><\/p>\n<p>Inside the campsite area, the owner is responsible for ensuring that the dog is on a leash and under supervision. If you would like to put up a small enclosure for the dog inside your rented camping pitch, that is fine. The playground and mini-golf are dog-free zones, but on a leash the dog is welcome to join on the side.<\/p>\n<p><strong>Veterinarian<\/strong><\/p>\n<p>Should you need to get in touch with a nearby veterinarian \u2013 click on the link below:<\/p>\n<p><a href=\"https:\/\/www.veterinarenkroppefjall.se\/\" target=\"_blank\" rel=\"noopener\">Veterin\u00e4ren p\u00e5 Kroppefj\u00e4ll<\/a>[\/vc_column_text][\/vc_column][vc_column width=&#8221;1\/2&#8243;][vc_empty_space height=&#8221;50px&#8221;][vc_media_grid element_width=&#8221;6&#8243; css=&#8221;&#8221; grid_id=&#8221;vc_gid:1737470999734-cbd26642-ddb1-1&#8243; include=&#8221;1377,1375,1379,1373,1371&#8243;][\/vc_column][\/vc_row]<\/p>\n<\/div>","protected":false},"excerpt":{"rendered":"<p>[vc_section full_width=&#8221;stretch_row&#8221; css=&#8221;.vc_custom_1647869807774{background-color: #e7f1ff !important;}&#8221;][vc_row][vc_column][vc_empty_space height=&#8221;50px&#8221;][vc_column_text css=&#8221;&#8221;] Camping with your dog [\/vc_column_text][\/vc_column][\/vc_row][vc_row][vc_column][vc_empty_space height=&#8221;50px&#8221;][\/vc_column][\/vc_row][\/vc_section][vc_row][vc_column width=&#8221;1\/2&#8243;][vc_empty_space][vc_column_text css=&#8221;&#8221;] Welcome! At Kerstin\u2019s camping you can relax and enjoy the summer together with your four-legged family members right at natures doorstep!\u00a0 Whether you live in a motorhome, caravan, tent or prefer to stay in a cottage, we have room for [&hellip;]<\/p>\n","protected":false},"author":2,"featured_media":0,"parent":532,"menu_order":0,"comment_status":"closed","ping_status":"closed","template":"","meta":{"footnotes":""},"class_list":["post-1359","page","type-page","status-publish","hentry"],"_links":{"self":[{"href":"https:\/\/www.kerstinscamping.se\/en\/wp-json\/wp\/v2\/pages\/1359","targetHints":{"allow":["GET"]}}],"collection":[{"href":"https:\/\/www.kerstinscamping.se\/en\/wp-json\/wp\/v2\/pages"}],"about":[{"href":"https:\/\/www.kerstinscamping.se\/en\/wp-json\/wp\/v2\/types\/page"}],"author":[{"embeddable":true,"href":"https:\/\/www.kerstinscamping.se\/en\/wp-json\/wp\/v2\/users\/2"}],"replies":[{"embeddable":true,"href":"https:\/\/www.kerstinscamping.se\/en\/wp-json\/wp\/v2\/comments?post=1359"}],"version-history":[{"count":13,"href":"https:\/\/www.kerstinscamping.se\/en\/wp-json\/wp\/v2\/pages\/1359\/revisions"}],"predecessor-version":[{"id":1457,"href":"https:\/\/www.kerstinscamping.se\/en\/wp-json\/wp\/v2\/pages\/1359\/revisions\/1457"}],"up":[{"embeddable":true,"href":"https:\/\/www.kerstinscamping.se\/en\/wp-json\/wp\/v2\/pages\/532"}],"wp:attachment":[{"href":"https:\/\/www.kerstinscamping.se\/en\/wp-json\/wp\/v2\/media?parent=1359"}],"curies":[{"name":"wp","href":"https:\/\/api.w.org\/{rel}","templated":true}]}}