{"id":1140,"date":"2023-08-11T08:00:11","date_gmt":"2023-08-11T06:00:11","guid":{"rendered":"https:\/\/www.kerstinscamping.se\/?page_id=1140"},"modified":"2025-01-23T12:53:11","modified_gmt":"2025-01-23T11:53:11","slug":"glamping","status":"publish","type":"page","link":"https:\/\/www.kerstinscamping.se\/en\/camping\/glamping\/","title":{"rendered":"Glamping"},"content":{"rendered":"<div class=\"wpb-content-wrapper\"><p>[vc_section full_width=&#8221;stretch_row&#8221; css=&#8221;.vc_custom_1647869807774{background-color: #e7f1ff !important;}&#8221;][vc_row][vc_column][vc_empty_space height=&#8221;50px&#8221;][\/vc_column][\/vc_row][vc_row][vc_column width=&#8221;1\/6&#8243;][\/vc_column][vc_column width=&#8221;2\/3&#8243;][vc_column_text]<\/p>\n<h1 style=\"text-align: center\">Glamping<\/h1>\n<p style=\"text-align: center\"><b>Check in-time camping from:\u00a0<\/b>13.00<br \/>\n<strong>Check out-time camping at the latest:<\/strong>\u00a011.00<\/p>\n<p>[\/vc_column_text][\/vc_column][vc_column width=&#8221;1\/6&#8243;][\/vc_column][\/vc_row][vc_row][vc_column][vc_empty_space height=&#8221;50px&#8221;][\/vc_column][\/vc_row][\/vc_section][vc_section][vc_row][vc_column][vc_empty_space height=&#8221;50px&#8221;][\/vc_column][\/vc_row][vc_row content_placement=&#8221;middle&#8221;][vc_column width=&#8221;1\/2&#8243;][vc_column_text css=&#8221;&#8221;]<\/p>\n<h2 id=\"tw-target-text\" class=\"tw-data-text tw-text-large tw-ta\" dir=\"ltr\" data-placeholder=\"\u00d6vers\u00e4ttning\"><span class=\"Y2IQFc\" lang=\"en\"><strong>Glamping \u00e0 la Kerstin&#8217;s camping! <\/strong><\/span><\/h2>\n<p>Camp comfortably at Kerstins Camping in our fully equipped Glamping tent for up to 4 people.<\/p>\n<p>After a good nights sleep in comfortable beds you wake up refreshed to the sounds of nature outside. Then you enjoy your breakfast out on the wooden deck, with freshly baked bread from the reception and a fantastic view of summer meadows and forest \u2013 you might even see a moose or deer! On warm summer evenings when you sum up the day&#8217;s activities and perhaps plan for the next one, you take in the remainder of the day and relax while the sun slowly sets over the tree tops.<\/p>\n<p>The glamping tent is mounted on a raised wooden deck with a view of meadows and forest. You live on 24 roomy sqm in with hotel-standard beds and nature as the nearest neighbor. In the evening you can place an order at the reception to have freshly baked bread to buy for breakfast.<\/p>\n<p>You park next to the tent. The kitchen and service building with shower and toilet are close by and if you want to barbecue, there is a common barbecue area outside the reception.<\/p>\n<p>The glamping tent can only be booked during high season and electricity and final cleaning are included in <a href=\"https:\/\/www.kerstinscamping.se\/priser\/\">the price<\/a>.<\/p>\n<p>Pets are not allowed.<\/p>\n<p><strong>Welcome to book!<\/strong>[\/vc_column_text][vc_tta_accordion title_tag=&#8221;p&#8221; color=&#8221;blue&#8221; active_section=&#8221;1&#8243; no_fill=&#8221;true&#8221; collapsible_all=&#8221;true&#8221;][vc_tta_section title=&#8221;What is included in the tent?&#8221; tab_id=&#8221;1691589980512-9f4065d5-1340&#8243;][vc_column_text css=&#8221;&#8221;]<\/p>\n<p id=\"tw-target-text\" class=\"tw-data-text tw-text-large tw-ta\" dir=\"ltr\" data-placeholder=\"\u00d6vers\u00e4ttning\"><span class=\"Y2IQFc\" lang=\"en\">An exclusive, brand new Ernst Glamping tent 6\u00d74 m, with 4 beds:<\/span><\/p>\n<p class=\"tw-data-text tw-text-large tw-ta\" dir=\"ltr\" data-placeholder=\"\u00d6vers\u00e4ttning\"><span class=\"Y2IQFc\" lang=\"en\">Two 80\u00d7200 single beds, (which are placed as a double bed), with hotel standard. One single bed 80\u00d7200 with a pull-out bed 75\u00d7200, <\/span>with hotel standard.<\/p>\n<p class=\"tw-data-text tw-text-large tw-ta\" dir=\"ltr\" data-placeholder=\"\u00d6vers\u00e4ttning\">A fridge with a small freezer-compartment, water kettle, coffee maker, a container for water (5 liters) and a small vacuum cleaner.<\/p>\n<p dir=\"ltr\" data-placeholder=\"\u00d6vers\u00e4ttning\">Outdoor furniture on the wooden deck<\/p>\n<p>[\/vc_column_text][\/vc_tta_section][vc_tta_section title=&#8221;In the tent there is also:&#8221; tab_id=&#8221;1691589980526-26ca758f-8cf7&#8243;][vc_column_text]<span class=\"Y2IQFc\" lang=\"en\">4 plates <\/span><\/p>\n<p><span class=\"Y2IQFc\" lang=\"en\">4 deep plates <\/span><\/p>\n<p><span class=\"Y2IQFc\" lang=\"en\">6 small plates <\/span><\/p>\n<p><span class=\"Y2IQFc\" lang=\"en\">4 egg cups <\/span><\/p>\n<p><span class=\"Y2IQFc\" lang=\"en\">6 tablespoons <\/span><\/p>\n<p><span class=\"Y2IQFc\" lang=\"en\">6 teaspoons <\/span><\/p>\n<p><span class=\"Y2IQFc\" lang=\"en\">6 forks <\/span><\/p>\n<p><span class=\"Y2IQFc\" lang=\"en\">6 knives <\/span><\/p>\n<p><span class=\"Y2IQFc\" lang=\"en\">4 mugs <\/span><\/p>\n<p><span class=\"Y2IQFc\" lang=\"en\">4 glasses <\/span><\/p>\n<p><span class=\"Y2IQFc\" lang=\"en\">1 cooking knife<\/span><\/p>\n<p><span class=\"Y2IQFc\" lang=\"en\">1 bread knife <\/span><\/p>\n<p><span class=\"Y2IQFc\" lang=\"en\">1 paring knife <\/span><\/p>\n<p><span class=\"Y2IQFc\" lang=\"en\">1 can opener <\/span><\/p>\n<p><span class=\"Y2IQFc\" lang=\"en\">1 bottle opener <\/span><\/p>\n<p><span class=\"Y2IQFc\" lang=\"en\">1 cutting board <\/span><\/p>\n<p><span class=\"Y2IQFc\" lang=\"en\">3 trivets <\/span><\/p>\n<p><span class=\"Y2IQFc\" lang=\"en\">1 cheese slicer<\/span>[\/vc_column_text][\/vc_tta_section][vc_tta_section title=&#8221;A cupboard in the kitchen reserved for the Glamping tent contains:&#8221; tab_id=&#8221;1691590067750-83005060-fb4f&#8221;][vc_column_text]<\/p>\n<p id=\"tw-target-text\" class=\"tw-data-text tw-text-large tw-ta\" dir=\"ltr\" data-placeholder=\"\u00d6vers\u00e4ttning\"><span class=\"Y2IQFc\" lang=\"en\">1 salad bowl <\/span><\/p>\n<p class=\"tw-data-text tw-text-large tw-ta\" dir=\"ltr\" data-placeholder=\"\u00d6vers\u00e4ttning\"><span class=\"Y2IQFc\" lang=\"en\">2 frying pans <\/span><\/p>\n<p class=\"tw-data-text tw-text-large tw-ta\" dir=\"ltr\" data-placeholder=\"\u00d6vers\u00e4ttning\"><span class=\"Y2IQFc\" lang=\"en\">3 pots <\/span><\/p>\n<p class=\"tw-data-text tw-text-large tw-ta\" dir=\"ltr\" data-placeholder=\"\u00d6vers\u00e4ttning\"><span class=\"Y2IQFc\" lang=\"en\">1 jug <\/span><\/p>\n<p class=\"tw-data-text tw-text-large tw-ta\" dir=\"ltr\" data-placeholder=\"\u00d6vers\u00e4ttning\"><span class=\"Y2IQFc\" lang=\"en\">2 bowls<\/span><\/p>\n<p>[\/vc_column_text][\/vc_tta_section][\/vc_tta_accordion][\/vc_column][vc_column width=&#8221;1\/2&#8243;][vc_media_grid grid_id=&#8221;vc_gid:1737633159746-8e3835a1-5df4-9&#8243; include=&#8221;1131,1101,1105,1093,1091,1111&#8243;][vc_empty_space][vc_media_grid grid_id=&#8221;vc_gid:1737633159747-1f0136de-d4e5-3&#8243; include=&#8221;1030,1038,1050,1052,1048,1040&#8243;][\/vc_column][\/vc_row][vc_row][vc_column][vc_empty_space height=&#8221;50px&#8221;][\/vc_column][\/vc_row][vc_row][vc_column][vc_separator color=&#8221;blue&#8221; border_width=&#8221;3&#8243;][\/vc_column][\/vc_row][\/vc_section]<\/p>\n<\/div>","protected":false},"excerpt":{"rendered":"<p>[vc_section full_width=&#8221;stretch_row&#8221; css=&#8221;.vc_custom_1647869807774{background-color: #e7f1ff !important;}&#8221;][vc_row][vc_column][vc_empty_space height=&#8221;50px&#8221;][\/vc_column][\/vc_row][vc_row][vc_column width=&#8221;1\/6&#8243;][\/vc_column][vc_column width=&#8221;2\/3&#8243;][vc_column_text] Glamping Check in-time camping from:\u00a013.00 Check out-time camping at the latest:\u00a011.00 [\/vc_column_text][\/vc_column][vc_column width=&#8221;1\/6&#8243;][\/vc_column][\/vc_row][vc_row][vc_column][vc_empty_space height=&#8221;50px&#8221;][\/vc_column][\/vc_row][\/vc_section][vc_section][vc_row][vc_column][vc_empty_space height=&#8221;50px&#8221;][\/vc_column][\/vc_row][vc_row content_placement=&#8221;middle&#8221;][vc_column width=&#8221;1\/2&#8243;][vc_column_text css=&#8221;&#8221;] Glamping \u00e0 la Kerstin&#8217;s camping! Camp comfortably at Kerstins Camping in our fully equipped Glamping tent for up to 4 people. After a good nights sleep in comfortable beds [&hellip;]<\/p>\n","protected":false},"author":2,"featured_media":0,"parent":532,"menu_order":0,"comment_status":"closed","ping_status":"closed","template":"","meta":{"footnotes":""},"class_list":["post-1140","page","type-page","status-publish","hentry"],"_links":{"self":[{"href":"https:\/\/www.kerstinscamping.se\/en\/wp-json\/wp\/v2\/pages\/1140","targetHints":{"allow":["GET"]}}],"collection":[{"href":"https:\/\/www.kerstinscamping.se\/en\/wp-json\/wp\/v2\/pages"}],"about":[{"href":"https:\/\/www.kerstinscamping.se\/en\/wp-json\/wp\/v2\/types\/page"}],"author":[{"embeddable":true,"href":"https:\/\/www.kerstinscamping.se\/en\/wp-json\/wp\/v2\/users\/2"}],"replies":[{"embeddable":true,"href":"https:\/\/www.kerstinscamping.se\/en\/wp-json\/wp\/v2\/comments?post=1140"}],"version-history":[{"count":7,"href":"https:\/\/www.kerstinscamping.se\/en\/wp-json\/wp\/v2\/pages\/1140\/revisions"}],"predecessor-version":[{"id":1528,"href":"https:\/\/www.kerstinscamping.se\/en\/wp-json\/wp\/v2\/pages\/1140\/revisions\/1528"}],"up":[{"embeddable":true,"href":"https:\/\/www.kerstinscamping.se\/en\/wp-json\/wp\/v2\/pages\/532"}],"wp:attachment":[{"href":"https:\/\/www.kerstinscamping.se\/en\/wp-json\/wp\/v2\/media?parent=1140"}],"curies":[{"name":"wp","href":"https:\/\/api.w.org\/{rel}","templated":true}]}}